{"id":14072,"date":"2026-01-28T11:55:21","date_gmt":"2026-01-28T11:55:21","guid":{"rendered":"https:\/\/distinctname.shop\/?post_type=product&#038;p=14072"},"modified":"2026-01-28T12:21:03","modified_gmt":"2026-01-28T12:21:03","slug":"tragbarer-elektroroller-fur-erwachsene-630w-motor-bis-zu-16-mph-18-meilen-reichweite-85%e2%80%b3-vollgummireifen-klappbar-lcd-display-app-steuerung-dual-scheibenbremsen","status":"publish","type":"product","link":"https:\/\/distinctname.shop\/es\/producto\/tragbarer-elektroroller-fur-erwachsene-630w-motor-bis-zu-16-mph-18-meilen-reichweite-85%e2%80%b3-vollgummireifen-klappbar-lcd-display-app-steuerung-dual-scheibenbremsen\/","title":{"rendered":"Tragabalas para ni\u00f1os - Motor de 630W, hasta 16 MPH, 18 Mpulg. de potencia, pantalla de 8,5\u2033, pantalla LCD, App-Steuerung, Dual-Scheibenbremsen"},"content":{"rendered":"<div data-elementor-type=\"product-post\" data-elementor-id=\"14072\" class=\"elementor elementor-14072\" data-elementor-post-type=\"product\">\n\t\t\t\t<div class=\"elementor-element elementor-element-79c66ec7 e-flex e-con-boxed e-con e-parent\" data-id=\"79c66ec7\" data-element_type=\"container\" data-settings=\"{&quot;ekit_has_onepagescroll_dot&quot;:&quot;yes&quot;}\">\n\t\t\t\t\t<div class=\"e-con-inner\">\n\t\t\t\t<div class=\"elementor-element elementor-element-601f8fac elementor-widget elementor-widget-image\" data-id=\"601f8fac\" data-element_type=\"widget\" data-settings=\"{&quot;ekit_we_effect_on&quot;:&quot;none&quot;}\" data-widget_type=\"image.default\">\n\t\t\t\t<div class=\"elementor-widget-container\">\n\t\t\t\t\t\t\t\t\t\t\t\t\t\t\t<img loading=\"lazy\" decoding=\"async\" width=\"1464\" height=\"600\" src=\"https:\/\/distinctname.shop\/wp-content\/uploads\/2026\/01\/S9b688f8c66af4b10b211f76e8ee3623fp-1.webp\" class=\"attachment-full size-full wp-image-14282 wvs-archive-product-image\" alt=\"\" srcset=\"https:\/\/distinctname.shop\/wp-content\/uploads\/2026\/01\/S9b688f8c66af4b10b211f76e8ee3623fp-1.webp 1464w, https:\/\/distinctname.shop\/wp-content\/uploads\/2026\/01\/S9b688f8c66af4b10b211f76e8ee3623fp-1-300x123.webp 300w, https:\/\/distinctname.shop\/wp-content\/uploads\/2026\/01\/S9b688f8c66af4b10b211f76e8ee3623fp-1-1024x420.webp 1024w, https:\/\/distinctname.shop\/wp-content\/uploads\/2026\/01\/S9b688f8c66af4b10b211f76e8ee3623fp-1-768x315.webp 768w, https:\/\/distinctname.shop\/wp-content\/uploads\/2026\/01\/S9b688f8c66af4b10b211f76e8ee3623fp-1-18x7.webp 18w, https:\/\/distinctname.shop\/wp-content\/uploads\/2026\/01\/S9b688f8c66af4b10b211f76e8ee3623fp-1-600x246.webp 600w, https:\/\/distinctname.shop\/wp-content\/uploads\/2026\/01\/S9b688f8c66af4b10b211f76e8ee3623fp-1-1x1.webp 1w, https:\/\/distinctname.shop\/wp-content\/uploads\/2026\/01\/S9b688f8c66af4b10b211f76e8ee3623fp-1-10x4.webp 10w\" sizes=\"auto, (max-width: 1464px) 100vw, 1464px\" \/>\t\t\t\t\t\t\t\t\t\t\t\t\t\t\t<\/div>\n\t\t\t\t<\/div>\n\t\t\t\t<div class=\"elementor-element elementor-element-2dfafb19 elementor-widget elementor-widget-image\" data-id=\"2dfafb19\" data-element_type=\"widget\" data-settings=\"{&quot;ekit_we_effect_on&quot;:&quot;none&quot;}\" data-widget_type=\"image.default\">\n\t\t\t\t<div class=\"elementor-widget-container\">\n\t\t\t\t\t\t\t\t\t\t\t\t\t\t\t<img loading=\"lazy\" decoding=\"async\" width=\"1464\" height=\"600\" src=\"https:\/\/distinctname.shop\/wp-content\/uploads\/2026\/01\/S2308ab2bbcf84348a3dd9387fa629b348-1.webp\" class=\"attachment-full size-full wp-image-14283 wvs-archive-product-image\" alt=\"\" srcset=\"https:\/\/distinctname.shop\/wp-content\/uploads\/2026\/01\/S2308ab2bbcf84348a3dd9387fa629b348-1.webp 1464w, https:\/\/distinctname.shop\/wp-content\/uploads\/2026\/01\/S2308ab2bbcf84348a3dd9387fa629b348-1-300x123.webp 300w, https:\/\/distinctname.shop\/wp-content\/uploads\/2026\/01\/S2308ab2bbcf84348a3dd9387fa629b348-1-1024x420.webp 1024w, https:\/\/distinctname.shop\/wp-content\/uploads\/2026\/01\/S2308ab2bbcf84348a3dd9387fa629b348-1-768x315.webp 768w, https:\/\/distinctname.shop\/wp-content\/uploads\/2026\/01\/S2308ab2bbcf84348a3dd9387fa629b348-1-18x7.webp 18w, https:\/\/distinctname.shop\/wp-content\/uploads\/2026\/01\/S2308ab2bbcf84348a3dd9387fa629b348-1-600x246.webp 600w, https:\/\/distinctname.shop\/wp-content\/uploads\/2026\/01\/S2308ab2bbcf84348a3dd9387fa629b348-1-1x1.webp 1w, https:\/\/distinctname.shop\/wp-content\/uploads\/2026\/01\/S2308ab2bbcf84348a3dd9387fa629b348-1-10x4.webp 10w\" sizes=\"auto, (max-width: 1464px) 100vw, 1464px\" \/>\t\t\t\t\t\t\t\t\t\t\t\t\t\t\t<\/div>\n\t\t\t\t<\/div>\n\t\t\t\t<div class=\"elementor-element elementor-element-46a1719a elementor-widget elementor-widget-image\" data-id=\"46a1719a\" data-element_type=\"widget\" data-settings=\"{&quot;ekit_we_effect_on&quot;:&quot;none&quot;}\" data-widget_type=\"image.default\">\n\t\t\t\t<div class=\"elementor-widget-container\">\n\t\t\t\t\t\t\t\t\t\t\t\t\t\t\t<img loading=\"lazy\" decoding=\"async\" width=\"1464\" height=\"600\" src=\"https:\/\/distinctname.shop\/wp-content\/uploads\/2026\/01\/S2496b798614442c3a3f5214a223ae4cb0-1.webp\" class=\"attachment-full size-full wp-image-14284 wvs-archive-product-image\" alt=\"\" srcset=\"https:\/\/distinctname.shop\/wp-content\/uploads\/2026\/01\/S2496b798614442c3a3f5214a223ae4cb0-1.webp 1464w, https:\/\/distinctname.shop\/wp-content\/uploads\/2026\/01\/S2496b798614442c3a3f5214a223ae4cb0-1-300x123.webp 300w, https:\/\/distinctname.shop\/wp-content\/uploads\/2026\/01\/S2496b798614442c3a3f5214a223ae4cb0-1-1024x420.webp 1024w, https:\/\/distinctname.shop\/wp-content\/uploads\/2026\/01\/S2496b798614442c3a3f5214a223ae4cb0-1-768x315.webp 768w, https:\/\/distinctname.shop\/wp-content\/uploads\/2026\/01\/S2496b798614442c3a3f5214a223ae4cb0-1-18x7.webp 18w, https:\/\/distinctname.shop\/wp-content\/uploads\/2026\/01\/S2496b798614442c3a3f5214a223ae4cb0-1-600x246.webp 600w, https:\/\/distinctname.shop\/wp-content\/uploads\/2026\/01\/S2496b798614442c3a3f5214a223ae4cb0-1-1x1.webp 1w, https:\/\/distinctname.shop\/wp-content\/uploads\/2026\/01\/S2496b798614442c3a3f5214a223ae4cb0-1-10x4.webp 10w\" sizes=\"auto, (max-width: 1464px) 100vw, 1464px\" \/>\t\t\t\t\t\t\t\t\t\t\t\t\t\t\t<\/div>\n\t\t\t\t<\/div>\n\t\t\t\t<div class=\"elementor-element elementor-element-5c48e32a elementor-widget elementor-widget-image\" data-id=\"5c48e32a\" data-element_type=\"widget\" data-settings=\"{&quot;ekit_we_effect_on&quot;:&quot;none&quot;}\" data-widget_type=\"image.default\">\n\t\t\t\t<div class=\"elementor-widget-container\">\n\t\t\t\t\t\t\t\t\t\t\t\t\t\t\t<img loading=\"lazy\" decoding=\"async\" width=\"1464\" height=\"600\" src=\"https:\/\/distinctname.shop\/wp-content\/uploads\/2026\/01\/S6156abc56c6349349899947867b6f9afR-1.webp\" class=\"attachment-full size-full wp-image-14285 wvs-archive-product-image\" alt=\"\" srcset=\"https:\/\/distinctname.shop\/wp-content\/uploads\/2026\/01\/S6156abc56c6349349899947867b6f9afR-1.webp 1464w, https:\/\/distinctname.shop\/wp-content\/uploads\/2026\/01\/S6156abc56c6349349899947867b6f9afR-1-300x123.webp 300w, https:\/\/distinctname.shop\/wp-content\/uploads\/2026\/01\/S6156abc56c6349349899947867b6f9afR-1-1024x420.webp 1024w, https:\/\/distinctname.shop\/wp-content\/uploads\/2026\/01\/S6156abc56c6349349899947867b6f9afR-1-768x315.webp 768w, https:\/\/distinctname.shop\/wp-content\/uploads\/2026\/01\/S6156abc56c6349349899947867b6f9afR-1-18x7.webp 18w, https:\/\/distinctname.shop\/wp-content\/uploads\/2026\/01\/S6156abc56c6349349899947867b6f9afR-1-600x246.webp 600w, https:\/\/distinctname.shop\/wp-content\/uploads\/2026\/01\/S6156abc56c6349349899947867b6f9afR-1-1x1.webp 1w, https:\/\/distinctname.shop\/wp-content\/uploads\/2026\/01\/S6156abc56c6349349899947867b6f9afR-1-10x4.webp 10w\" sizes=\"auto, (max-width: 1464px) 100vw, 1464px\" \/>\t\t\t\t\t\t\t\t\t\t\t\t\t\t\t<\/div>\n\t\t\t\t<\/div>\n\t\t<div class=\"elementor-element elementor-element-16ba8970 e-grid e-con-full e-con e-child\" data-id=\"16ba8970\" data-element_type=\"container\" data-settings=\"{&quot;ekit_has_onepagescroll_dot&quot;:&quot;yes&quot;}\">\n\t\t\t\t<div class=\"elementor-element elementor-element-45c29d7e elementor-position-top elementor-widget elementor-widget-image-box\" data-id=\"45c29d7e\" data-element_type=\"widget\" data-settings=\"{&quot;ekit_we_effect_on&quot;:&quot;none&quot;}\" data-widget_type=\"image-box.default\">\n\t\t\t\t<div class=\"elementor-widget-container\">\n\t\t\t\t\t<div class=\"elementor-image-box-wrapper\"><figure class=\"elementor-image-box-img\"><img loading=\"lazy\" decoding=\"async\" width=\"300\" height=\"300\" src=\"https:\/\/distinctname.shop\/wp-content\/uploads\/2026\/01\/f68cef1a-9091-44ed-8ba7-5be40913ef4c.__CR0016001600_PT0_SX300_V1___.jpg\" class=\"attachment-full size-full wp-image-14286 wvs-archive-product-image\" alt=\"\" srcset=\"https:\/\/distinctname.shop\/wp-content\/uploads\/2026\/01\/f68cef1a-9091-44ed-8ba7-5be40913ef4c.__CR0016001600_PT0_SX300_V1___.jpg 300w, https:\/\/distinctname.shop\/wp-content\/uploads\/2026\/01\/f68cef1a-9091-44ed-8ba7-5be40913ef4c.__CR0016001600_PT0_SX300_V1___-150x150.jpg 150w, https:\/\/distinctname.shop\/wp-content\/uploads\/2026\/01\/f68cef1a-9091-44ed-8ba7-5be40913ef4c.__CR0016001600_PT0_SX300_V1___-12x12.jpg 12w, https:\/\/distinctname.shop\/wp-content\/uploads\/2026\/01\/f68cef1a-9091-44ed-8ba7-5be40913ef4c.__CR0016001600_PT0_SX300_V1___-100x100.jpg 100w, https:\/\/distinctname.shop\/wp-content\/uploads\/2026\/01\/f68cef1a-9091-44ed-8ba7-5be40913ef4c.__CR0016001600_PT0_SX300_V1___-50x50.jpg 50w, https:\/\/distinctname.shop\/wp-content\/uploads\/2026\/01\/f68cef1a-9091-44ed-8ba7-5be40913ef4c.__CR0016001600_PT0_SX300_V1___-1x1.jpg 1w, https:\/\/distinctname.shop\/wp-content\/uploads\/2026\/01\/f68cef1a-9091-44ed-8ba7-5be40913ef4c.__CR0016001600_PT0_SX300_V1___-10x10.jpg 10w\" sizes=\"auto, (max-width: 300px) 100vw, 300px\" \/><\/figure><div class=\"elementor-image-box-content\"><h4 class=\"elementor-image-box-title\">Langstrecken-Pendler-Roller<\/h4><p class=\"elementor-image-box-description\">Der Elektroroller Max Reichweite von 20-25 km unter optimalen Bedingungen, Geschwindigkeit bis zu 25 km\/h, vermeiden Sie die Bel\u00e4stigung durch den dichten Verkehr, keine Angst vor dem Kilometertand, einmal einzige Ladung f\u00fcr ein paar Tage pendeln.ganz, geeignet Elektroroller f\u00fcr Erwachsene.<\/p><\/div><\/div>\t\t\t\t<\/div>\n\t\t\t\t<\/div>\n\t\t\t\t<div class=\"elementor-element elementor-element-55500eba elementor-position-top elementor-widget elementor-widget-image-box\" data-id=\"55500eba\" data-element_type=\"widget\" data-settings=\"{&quot;ekit_we_effect_on&quot;:&quot;none&quot;}\" data-widget_type=\"image-box.default\">\n\t\t\t\t<div class=\"elementor-widget-container\">\n\t\t\t\t\t<div class=\"elementor-image-box-wrapper\"><figure class=\"elementor-image-box-img\"><img loading=\"lazy\" decoding=\"async\" width=\"300\" height=\"300\" src=\"https:\/\/distinctname.shop\/wp-content\/uploads\/2026\/01\/c8064f86-15af-4b39-8bb2-eceba5f810a8.__CR0016001600_PT0_SX300_V1___.jpg\" class=\"attachment-full size-full wp-image-14287 wvs-archive-product-image\" alt=\"\" srcset=\"https:\/\/distinctname.shop\/wp-content\/uploads\/2026\/01\/c8064f86-15af-4b39-8bb2-eceba5f810a8.__CR0016001600_PT0_SX300_V1___.jpg 300w, https:\/\/distinctname.shop\/wp-content\/uploads\/2026\/01\/c8064f86-15af-4b39-8bb2-eceba5f810a8.__CR0016001600_PT0_SX300_V1___-150x150.jpg 150w, https:\/\/distinctname.shop\/wp-content\/uploads\/2026\/01\/c8064f86-15af-4b39-8bb2-eceba5f810a8.__CR0016001600_PT0_SX300_V1___-12x12.jpg 12w, https:\/\/distinctname.shop\/wp-content\/uploads\/2026\/01\/c8064f86-15af-4b39-8bb2-eceba5f810a8.__CR0016001600_PT0_SX300_V1___-100x100.jpg 100w, https:\/\/distinctname.shop\/wp-content\/uploads\/2026\/01\/c8064f86-15af-4b39-8bb2-eceba5f810a8.__CR0016001600_PT0_SX300_V1___-50x50.jpg 50w, https:\/\/distinctname.shop\/wp-content\/uploads\/2026\/01\/c8064f86-15af-4b39-8bb2-eceba5f810a8.__CR0016001600_PT0_SX300_V1___-1x1.jpg 1w, https:\/\/distinctname.shop\/wp-content\/uploads\/2026\/01\/c8064f86-15af-4b39-8bb2-eceba5f810a8.__CR0016001600_PT0_SX300_V1___-10x10.jpg 10w\" sizes=\"auto, (max-width: 300px) 100vw, 300px\" \/><\/figure><div class=\"elementor-image-box-content\"><h4 class=\"elementor-image-box-title\">Leistungsstarker Motor<\/h4><p class=\"elementor-image-box-description\">El Elektroscooter 350W Brushless Motor 36V 7.5Ah Batterie with hoher Energiedichte, klettert 15\u00b0 bergauf und belastet max 120 kg, ideal f\u00fcr leichte Reisen, Pendeln, Verabredungen, auf dem Weg zur Schule oder Bibliothek.<\/p><\/div><\/div>\t\t\t\t<\/div>\n\t\t\t\t<\/div>\n\t\t\t\t<div class=\"elementor-element elementor-element-7e0e552c elementor-position-top elementor-widget elementor-widget-image-box\" data-id=\"7e0e552c\" data-element_type=\"widget\" data-settings=\"{&quot;ekit_we_effect_on&quot;:&quot;none&quot;}\" data-widget_type=\"image-box.default\">\n\t\t\t\t<div class=\"elementor-widget-container\">\n\t\t\t\t\t<div class=\"elementor-image-box-wrapper\"><figure class=\"elementor-image-box-img\"><img loading=\"lazy\" decoding=\"async\" width=\"300\" height=\"300\" src=\"https:\/\/distinctname.shop\/wp-content\/uploads\/2026\/01\/8e49a19c-3e31-48ea-ae22-08ca393cf99f.__CR0016001600_PT0_SX300_V1___.jpg\" class=\"attachment-full size-full wp-image-14288 wvs-archive-product-image\" alt=\"\" srcset=\"https:\/\/distinctname.shop\/wp-content\/uploads\/2026\/01\/8e49a19c-3e31-48ea-ae22-08ca393cf99f.__CR0016001600_PT0_SX300_V1___.jpg 300w, https:\/\/distinctname.shop\/wp-content\/uploads\/2026\/01\/8e49a19c-3e31-48ea-ae22-08ca393cf99f.__CR0016001600_PT0_SX300_V1___-150x150.jpg 150w, https:\/\/distinctname.shop\/wp-content\/uploads\/2026\/01\/8e49a19c-3e31-48ea-ae22-08ca393cf99f.__CR0016001600_PT0_SX300_V1___-12x12.jpg 12w, https:\/\/distinctname.shop\/wp-content\/uploads\/2026\/01\/8e49a19c-3e31-48ea-ae22-08ca393cf99f.__CR0016001600_PT0_SX300_V1___-100x100.jpg 100w, https:\/\/distinctname.shop\/wp-content\/uploads\/2026\/01\/8e49a19c-3e31-48ea-ae22-08ca393cf99f.__CR0016001600_PT0_SX300_V1___-50x50.jpg 50w, https:\/\/distinctname.shop\/wp-content\/uploads\/2026\/01\/8e49a19c-3e31-48ea-ae22-08ca393cf99f.__CR0016001600_PT0_SX300_V1___-1x1.jpg 1w, https:\/\/distinctname.shop\/wp-content\/uploads\/2026\/01\/8e49a19c-3e31-48ea-ae22-08ca393cf99f.__CR0016001600_PT0_SX300_V1___-10x10.jpg 10w\" sizes=\"auto, (max-width: 300px) 100vw, 300px\" \/><\/figure><div class=\"elementor-image-box-content\"><h4 class=\"elementor-image-box-title\">Sistema dual de frenos<\/h4><p class=\"elementor-image-box-description\">El rodillo e se compone de un freno de estacionamiento y de un sistema antibloqueo EBS regenerativo. Es kann Ihre Sicherheit gew\u00e4hrleisten.\nDer e scooter hat eine eingebaute Klingel. Hat sowohl Kopf- als auch R\u00fccklichter, von denen letzteres schnell blinkt, wenn Sie auf die Bremse treten. Sicheres Fahren bei Nacht mit dem LED-Frontlicht und dem roten R\u00fccklicht.<\/p><\/div><\/div>\t\t\t\t<\/div>\n\t\t\t\t<\/div>\n\t\t\t\t<\/div>\n\t\t\t\t<div class=\"elementor-element elementor-element-a4e1a07 elementor-widget elementor-widget-image\" data-id=\"a4e1a07\" data-element_type=\"widget\" data-settings=\"{&quot;ekit_we_effect_on&quot;:&quot;none&quot;}\" data-widget_type=\"image.default\">\n\t\t\t\t<div class=\"elementor-widget-container\">\n\t\t\t\t\t\t\t\t\t\t\t\t\t\t\t<img loading=\"lazy\" decoding=\"async\" width=\"1464\" height=\"600\" src=\"https:\/\/distinctname.shop\/wp-content\/uploads\/2026\/01\/Sc9809b64aaeb44b4affd846690286dab3-1.webp\" class=\"attachment-full size-full wp-image-14289 wvs-archive-product-image\" alt=\"\" srcset=\"https:\/\/distinctname.shop\/wp-content\/uploads\/2026\/01\/Sc9809b64aaeb44b4affd846690286dab3-1.webp 1464w, https:\/\/distinctname.shop\/wp-content\/uploads\/2026\/01\/Sc9809b64aaeb44b4affd846690286dab3-1-300x123.webp 300w, https:\/\/distinctname.shop\/wp-content\/uploads\/2026\/01\/Sc9809b64aaeb44b4affd846690286dab3-1-1024x420.webp 1024w, https:\/\/distinctname.shop\/wp-content\/uploads\/2026\/01\/Sc9809b64aaeb44b4affd846690286dab3-1-768x315.webp 768w, https:\/\/distinctname.shop\/wp-content\/uploads\/2026\/01\/Sc9809b64aaeb44b4affd846690286dab3-1-18x7.webp 18w, https:\/\/distinctname.shop\/wp-content\/uploads\/2026\/01\/Sc9809b64aaeb44b4affd846690286dab3-1-600x246.webp 600w, https:\/\/distinctname.shop\/wp-content\/uploads\/2026\/01\/Sc9809b64aaeb44b4affd846690286dab3-1-1x1.webp 1w, https:\/\/distinctname.shop\/wp-content\/uploads\/2026\/01\/Sc9809b64aaeb44b4affd846690286dab3-1-10x4.webp 10w\" sizes=\"auto, (max-width: 1464px) 100vw, 1464px\" \/>\t\t\t\t\t\t\t\t\t\t\t\t\t\t\t<\/div>\n\t\t\t\t<\/div>\n\t\t\t\t<div class=\"elementor-element elementor-element-2d81d114 elementor-widget elementor-widget-image\" data-id=\"2d81d114\" data-element_type=\"widget\" data-settings=\"{&quot;ekit_we_effect_on&quot;:&quot;none&quot;}\" data-widget_type=\"image.default\">\n\t\t\t\t<div class=\"elementor-widget-container\">\n\t\t\t\t\t\t\t\t\t\t\t\t\t\t\t<img loading=\"lazy\" decoding=\"async\" width=\"1464\" height=\"600\" src=\"https:\/\/distinctname.shop\/wp-content\/uploads\/2026\/01\/Se1b8dc047cea46aa9ed4028cc4ab6053v-1.webp\" class=\"attachment-full size-full wp-image-14290 wvs-archive-product-image\" alt=\"\" srcset=\"https:\/\/distinctname.shop\/wp-content\/uploads\/2026\/01\/Se1b8dc047cea46aa9ed4028cc4ab6053v-1.webp 1464w, https:\/\/distinctname.shop\/wp-content\/uploads\/2026\/01\/Se1b8dc047cea46aa9ed4028cc4ab6053v-1-300x123.webp 300w, https:\/\/distinctname.shop\/wp-content\/uploads\/2026\/01\/Se1b8dc047cea46aa9ed4028cc4ab6053v-1-1024x420.webp 1024w, https:\/\/distinctname.shop\/wp-content\/uploads\/2026\/01\/Se1b8dc047cea46aa9ed4028cc4ab6053v-1-768x315.webp 768w, https:\/\/distinctname.shop\/wp-content\/uploads\/2026\/01\/Se1b8dc047cea46aa9ed4028cc4ab6053v-1-18x7.webp 18w, https:\/\/distinctname.shop\/wp-content\/uploads\/2026\/01\/Se1b8dc047cea46aa9ed4028cc4ab6053v-1-600x246.webp 600w, https:\/\/distinctname.shop\/wp-content\/uploads\/2026\/01\/Se1b8dc047cea46aa9ed4028cc4ab6053v-1-1x1.webp 1w, https:\/\/distinctname.shop\/wp-content\/uploads\/2026\/01\/Se1b8dc047cea46aa9ed4028cc4ab6053v-1-10x4.webp 10w\" sizes=\"auto, (max-width: 1464px) 100vw, 1464px\" \/>\t\t\t\t\t\t\t\t\t\t\t\t\t\t\t<\/div>\n\t\t\t\t<\/div>\n\t\t\t\t<div class=\"elementor-element elementor-element-1af3122d elementor-widget elementor-widget-image\" data-id=\"1af3122d\" data-element_type=\"widget\" data-settings=\"{&quot;ekit_we_effect_on&quot;:&quot;none&quot;}\" data-widget_type=\"image.default\">\n\t\t\t\t<div class=\"elementor-widget-container\">\n\t\t\t\t\t\t\t\t\t\t\t\t\t\t\t<img loading=\"lazy\" decoding=\"async\" width=\"1464\" height=\"600\" src=\"https:\/\/distinctname.shop\/wp-content\/uploads\/2026\/01\/Sfcbd2fa679674d9887fdaf637d059a82s-1.webp\" class=\"attachment-full size-full wp-image-14291 wvs-archive-product-image\" alt=\"\" srcset=\"https:\/\/distinctname.shop\/wp-content\/uploads\/2026\/01\/Sfcbd2fa679674d9887fdaf637d059a82s-1.webp 1464w, https:\/\/distinctname.shop\/wp-content\/uploads\/2026\/01\/Sfcbd2fa679674d9887fdaf637d059a82s-1-300x123.webp 300w, https:\/\/distinctname.shop\/wp-content\/uploads\/2026\/01\/Sfcbd2fa679674d9887fdaf637d059a82s-1-1024x420.webp 1024w, https:\/\/distinctname.shop\/wp-content\/uploads\/2026\/01\/Sfcbd2fa679674d9887fdaf637d059a82s-1-768x315.webp 768w, https:\/\/distinctname.shop\/wp-content\/uploads\/2026\/01\/Sfcbd2fa679674d9887fdaf637d059a82s-1-18x7.webp 18w, https:\/\/distinctname.shop\/wp-content\/uploads\/2026\/01\/Sfcbd2fa679674d9887fdaf637d059a82s-1-600x246.webp 600w, https:\/\/distinctname.shop\/wp-content\/uploads\/2026\/01\/Sfcbd2fa679674d9887fdaf637d059a82s-1-1x1.webp 1w, https:\/\/distinctname.shop\/wp-content\/uploads\/2026\/01\/Sfcbd2fa679674d9887fdaf637d059a82s-1-10x4.webp 10w\" sizes=\"auto, (max-width: 1464px) 100vw, 1464px\" \/>\t\t\t\t\t\t\t\t\t\t\t\t\t\t\t<\/div>\n\t\t\t\t<\/div>\n\t\t\t\t\t<\/div>\n\t\t\t\t<\/div>\n\t\t<div class=\"elementor-element elementor-element-503d99c7 e-flex e-con-boxed e-con e-parent\" data-id=\"503d99c7\" data-element_type=\"container\" data-settings=\"{&quot;ekit_has_onepagescroll_dot&quot;:&quot;yes&quot;}\">\n\t\t\t\t\t<div class=\"e-con-inner\">\n\t\t\t\t<div class=\"elementor-element elementor-element-4a049071 elementor-widget elementor-widget-text-editor\" data-id=\"4a049071\" data-element_type=\"widget\" data-settings=\"{&quot;ekit_we_effect_on&quot;:&quot;none&quot;}\" data-widget_type=\"text-editor.default\">\n\t\t\t\t<div class=\"elementor-widget-container\">\n\t\t\t\t\t\t\t\t\t<!DOCTYPE html>\n<html lang=\"de\">\n<head>\n    <meta charset=\"UTF-8\">\n    <title>Produktinformationen<\/title>\n    <style>\n        table {\n            width: 100%;\n            border-collapse: collapse;\n        }\n        tr {\n            border-bottom: 1px solid #ddd;\n        }\n        td {\n            padding: 10px 12px;\n            text-align: left;\n            vertical-align: top;\n        }\n        td:first-child {\n            width: 35%;\n            font-weight: bold;\n        }\n    <\/style>\n<\/head>\n<body>\n    <table>\n        <tr>\n            <td>Mejor Mercado<\/td>\n            <td>3 Geschwindigkeitsmodi, APP-Steuerung, D\u00e4mpfungssystem, DGT-Zertifizierung, Klappbar, Maximale Belastbarkeit 120 kg, 2 Gummir\u00e4der, Aluminiumrahmen, Feststehender Lenker<\/td>\n        <\/tr>\n        <tr>\n            <td>Farbe<\/td>\n            <td>Schwarz, Wei\u00df<\/td>\n        <\/tr>\n        <tr>\n            <td>Marke<\/td>\n            <td>EVERCROSS<\/td>\n        <\/tr>\n        <tr>\n            <td>Produktma\u00dfe<\/td>\n            <td>Klappbares Design, Ausgefaltet: 112x58x96 cm, Geklappt: 46x22x68 cm<\/td>\n        <\/tr>\n        <tr>\n            <td>Artikelgewicht<\/td>\n            <td>15 Kilogramos, ligero y f\u00e1cil de transportar<\/td>\n        <\/tr>\n        <tr>\n            <td>Componentes alcalinos<\/td>\n            <td>1 x EVERCROSS Ev85f E-Scooter, 1 x Ladeger\u00e4t, 1 x Bedienungsanleitung, 1 x Montageset<\/td>\n        <\/tr>\n        <tr>\n            <td>Hersteller<\/td>\n            <td>EVERCROSS<\/td>\n        <\/tr>\n        <tr>\n            <td>ASIN<\/td>\n            <td>B0F9TR68XM<\/td>\n        <\/tr>\n        <tr>\n            <td>N\u00famero de modelo del producto<\/td>\n            <td>Ev85f<\/td>\n        <\/tr>\n        <tr>\n            <td>Evaluaci\u00f3n de clientes a gran escala<\/td>\n            <td>4,6 \u2605\u2605\u2605\u2605\u2605 (396) 4,6 von 5 Sternen<\/td>\n        <\/tr>\n        <tr>\n            <td>Posicionamiento en los m\u00e1s vendidos de Amazon<\/td>\n            <td>Nr.6.892 en Sport &amp; Freizeit (Top 50 en E-Scooter) Nr.2 en Klappbare E-Scooter f\u00fcr Erwachsene<\/td>\n        <\/tr>\n        <tr>\n            <td>Producto disponible en amazon.com<\/td>\n            <td>22. Juli 2025<\/td>\n        <\/tr>\n    <\/table>\n<\/body>\n<\/html>\t\t\t\t\t\t\t\t<\/div>\n\t\t\t\t<\/div>\n\t\t\t\t\t<\/div>\n\t\t\t\t<\/div>\n\t\t\t\t<\/div>","protected":false},"excerpt":{"rendered":"<p>Langstrecken-Pendler-Roller Der Elektroroller Max Reichweite von 20-25 km unter optimalen Bedingungen, Geschwindigkeit bis zu 25 km\/h, vermeiden Sie die Bel\u00e4stigung&#8230;<\/p>","protected":false},"featured_media":14100,"comment_status":"open","ping_status":"closed","template":"","meta":{"_acf_changed":false},"etheme_brands":[],"product_brand":[],"product_cat":[127,118],"product_tag":[],"class_list":{"0":"post-14072","1":"product","2":"type-product","3":"status-publish","4":"has-post-thumbnail","6":"product_cat-dao","7":"product_cat-sale-shop","9":"first","10":"instock","11":"sale","12":"shipping-taxable","13":"purchasable","14":"product-type-simple"},"acf":[],"_links":{"self":[{"href":"https:\/\/distinctname.shop\/es\/wp-json\/wp\/v2\/product\/14072","targetHints":{"allow":["GET"]}}],"collection":[{"href":"https:\/\/distinctname.shop\/es\/wp-json\/wp\/v2\/product"}],"about":[{"href":"https:\/\/distinctname.shop\/es\/wp-json\/wp\/v2\/types\/product"}],"replies":[{"embeddable":true,"href":"https:\/\/distinctname.shop\/es\/wp-json\/wp\/v2\/comments?post=14072"}],"version-history":[{"count":4,"href":"https:\/\/distinctname.shop\/es\/wp-json\/wp\/v2\/product\/14072\/revisions"}],"predecessor-version":[{"id":14299,"href":"https:\/\/distinctname.shop\/es\/wp-json\/wp\/v2\/product\/14072\/revisions\/14299"}],"wp:featuredmedia":[{"embeddable":true,"href":"https:\/\/distinctname.shop\/es\/wp-json\/wp\/v2\/media\/14100"}],"wp:attachment":[{"href":"https:\/\/distinctname.shop\/es\/wp-json\/wp\/v2\/media?parent=14072"}],"wp:term":[{"taxonomy":"brand","embeddable":true,"href":"https:\/\/distinctname.shop\/es\/wp-json\/wp\/v2\/etheme_brands?post=14072"},{"taxonomy":"product_brand","embeddable":true,"href":"https:\/\/distinctname.shop\/es\/wp-json\/wp\/v2\/product_brand?post=14072"},{"taxonomy":"product_cat","embeddable":true,"href":"https:\/\/distinctname.shop\/es\/wp-json\/wp\/v2\/product_cat?post=14072"},{"taxonomy":"product_tag","embeddable":true,"href":"https:\/\/distinctname.shop\/es\/wp-json\/wp\/v2\/product_tag?post=14072"}],"curies":[{"name":"wp","href":"https:\/\/api.w.org\/{rel}","templated":true}]}}