{"id":14560,"date":"2026-03-24T03:10:38","date_gmt":"2026-03-24T03:10:38","guid":{"rendered":"https:\/\/distinctname.shop\/?post_type=product&#038;p=14560"},"modified":"2026-03-24T03:20:05","modified_gmt":"2026-03-24T03:20:05","slug":"baliza-v16-con-geolocalizacion-3-0-aprobada-por-la-dgt-plan-de-datos-incluido-hasta-2038-base-magnetica-ip54-resistente-al-agua-visible-360o-cumple-normativa-2026-luz-led-coche-obligatoria-para-s","status":"publish","type":"product","link":"https:\/\/distinctname.shop\/de\/produkt\/baliza-v16-con-geolocalizacion-3-0-aprobada-por-la-dgt-plan-de-datos-incluido-hasta-2038-base-magnetica-ip54-resistente-al-agua-visible-360o-cumple-normativa-2026-luz-led-coche-obligatoria-para-s\/","title":{"rendered":"Baliza V16 mit DGT-gepr\u00fcfter Geolokalisierung 3.0, inkl. Datenplan bis 2038, magnethaftender IP54 Sockel, wasserfest, 360\u00ba sichtbar, erf\u00fcllt Norm 2026, obligatorische LED-K\u00fcchenbeleuchtung zur Anzeige von Warnsignalen"},"content":{"rendered":"<div data-elementor-type=\"product-post\" data-elementor-id=\"14560\" class=\"elementor elementor-14560\" data-elementor-post-type=\"product\">\n\t\t\t\t<div class=\"elementor-element elementor-element-bf78202 e-flex e-con-boxed e-con e-parent\" data-id=\"bf78202\" data-element_type=\"container\" data-settings=\"{&quot;ekit_has_onepagescroll_dot&quot;:&quot;yes&quot;}\">\n\t\t\t\t\t<div class=\"e-con-inner\">\n\t\t<div class=\"elementor-element elementor-element-5156ceb e-con-full e-flex e-con e-child\" data-id=\"5156ceb\" data-element_type=\"container\" data-settings=\"{&quot;ekit_has_onepagescroll_dot&quot;:&quot;yes&quot;}\">\n\t\t\t\t<div class=\"elementor-element elementor-element-75c944c6 elementor-widget elementor-widget-video\" data-id=\"75c944c6\" data-element_type=\"widget\" data-settings=\"{&quot;video_type&quot;:&quot;hosted&quot;,&quot;controls&quot;:&quot;yes&quot;,&quot;ekit_we_effect_on&quot;:&quot;none&quot;}\" data-widget_type=\"video.default\">\n\t\t\t\t<div class=\"elementor-widget-container\">\n\t\t\t\t\t\t\t<div class=\"e-hosted-video elementor-wrapper elementor-open-inline\">\n\t\t\t\t\t<video class=\"elementor-video\" src=\"https:\/\/distinctname.shop\/wp-content\/uploads\/2026\/03\/575fa4b8-eb92-4d39-bbc2-702266dbcbe1.mp4\" controls=\"\" preload=\"metadata\" controlslist=\"nodownload\"><\/video>\n\t\t\t\t<\/div>\n\t\t\t\t\t\t<\/div>\n\t\t\t\t<\/div>\n\t\t\t\t<\/div>\n\t\t<div class=\"elementor-element elementor-element-4003209b e-con-full e-flex e-con e-child\" data-id=\"4003209b\" data-element_type=\"container\" data-settings=\"{&quot;ekit_has_onepagescroll_dot&quot;:&quot;yes&quot;}\">\n\t\t\t\t<div class=\"elementor-element elementor-element-7d4afeca elementor-widget elementor-widget-text-editor\" data-id=\"7d4afeca\" data-element_type=\"widget\" data-settings=\"{&quot;ekit_we_effect_on&quot;:&quot;none&quot;}\" data-widget_type=\"text-editor.default\">\n\t\t\t\t<div class=\"elementor-widget-container\">\n\t\t\t\t\t\t\t\t\t Technische Details\n\n<div class=\"technical-table\">\n  <div class=\"technical-row\">\n    <div class=\"technical-label\">Hersteller<\/div>\n    <div class=\"technical-value\">EXTRASTAR<\/div>\n  <\/div>\n  <div class=\"technical-row\">\n    <div class=\"technical-label\">Marke<\/div>\n    <div class=\"technical-value\">EXTRASTAR<\/div>\n  <\/div>\n  <div class=\"technical-row\">\n    <div class=\"technical-label\">Artikel Gewicht<\/div>\n    <div class=\"technical-value\">200 g<\/div>\n  <\/div>\n  <div class=\"technical-row\">\n    <div class=\"technical-label\">Paket Abmessungen<\/div>\n    <div class=\"technical-value\">8,6 x 8,3 x 6,7 cm; 200 g<\/div>\n  <\/div>\n  <div class=\"technical-row\">\n    <div class=\"technical-label\">Batterien<\/div>\n    <div class=\"technical-value\">1 9V-Batterie erforderlich. (enthalten)<\/div>\n  <\/div>\n  <div class=\"technical-row\">\n    <div class=\"technical-label\">Hersteller-Referenz<\/div>\n    <div class=\"technical-value\">MOD-V16<\/div>\n  <\/div>\n  <div class=\"technical-row\">\n    <div class=\"technical-label\">Hersteller-Teilenummer<\/div>\n    <div class=\"technical-value\">MOD-V16<\/div>\n  <\/div>\n<\/div>\n\n<style>\n.technical-table {\n  width: 100%;\n  border-top: 1px solid #000;\n  font-family: Arial, sans-serif;\n}\n\n.technical-row {\n  display: flex;\n  border-bottom: 1px solid #000;\n  padding: 12px 0;\n}\n\n.technical-label {\n  flex: 1;\n  font-weight: bold;\n  min-width: 200px;\n  padding-right: 20px;\n}\n\n.technical-value {\n  flex: 1;\n  min-width: 200px;\n}\n<\/style>\t\t\t\t\t\t\t\t<\/div>\n\t\t\t\t<\/div>\n\t\t\t\t<\/div>\n\t\t\t\t\t<\/div>\n\t\t\t\t<\/div>\n\t\t<div class=\"elementor-element elementor-element-5d4f3717 e-flex e-con-boxed e-con e-parent\" data-id=\"5d4f3717\" data-element_type=\"container\" data-settings=\"{&quot;ekit_has_onepagescroll_dot&quot;:&quot;yes&quot;}\">\n\t\t\t\t\t<div class=\"e-con-inner\">\n\t\t\t\t<div class=\"elementor-element elementor-element-42d40645 elementor-widget elementor-widget-image\" data-id=\"42d40645\" data-element_type=\"widget\" data-settings=\"{&quot;ekit_we_effect_on&quot;:&quot;none&quot;}\" data-widget_type=\"image.default\">\n\t\t\t\t<div class=\"elementor-widget-container\">\n\t\t\t\t\t\t\t\t\t\t\t\t\t\t\t<img loading=\"lazy\" decoding=\"async\" width=\"1464\" height=\"600\" src=\"https:\/\/distinctname.shop\/wp-content\/uploads\/2026\/03\/5d4d67ad-009c-4f43-9d4b-0ee2332436bb.__CR001464600_PT0_SX1464_V1___.jpg\" class=\"attachment-full size-full wp-image-14578 wvs-archive-product-image\" alt=\"\" srcset=\"https:\/\/distinctname.shop\/wp-content\/uploads\/2026\/03\/5d4d67ad-009c-4f43-9d4b-0ee2332436bb.__CR001464600_PT0_SX1464_V1___.jpg 1464w, https:\/\/distinctname.shop\/wp-content\/uploads\/2026\/03\/5d4d67ad-009c-4f43-9d4b-0ee2332436bb.__CR001464600_PT0_SX1464_V1___-300x123.jpg 300w, https:\/\/distinctname.shop\/wp-content\/uploads\/2026\/03\/5d4d67ad-009c-4f43-9d4b-0ee2332436bb.__CR001464600_PT0_SX1464_V1___-1024x420.jpg 1024w, https:\/\/distinctname.shop\/wp-content\/uploads\/2026\/03\/5d4d67ad-009c-4f43-9d4b-0ee2332436bb.__CR001464600_PT0_SX1464_V1___-768x315.jpg 768w, https:\/\/distinctname.shop\/wp-content\/uploads\/2026\/03\/5d4d67ad-009c-4f43-9d4b-0ee2332436bb.__CR001464600_PT0_SX1464_V1___-18x7.jpg 18w, https:\/\/distinctname.shop\/wp-content\/uploads\/2026\/03\/5d4d67ad-009c-4f43-9d4b-0ee2332436bb.__CR001464600_PT0_SX1464_V1___-600x246.jpg 600w, https:\/\/distinctname.shop\/wp-content\/uploads\/2026\/03\/5d4d67ad-009c-4f43-9d4b-0ee2332436bb.__CR001464600_PT0_SX1464_V1___-1x1.jpg 1w, https:\/\/distinctname.shop\/wp-content\/uploads\/2026\/03\/5d4d67ad-009c-4f43-9d4b-0ee2332436bb.__CR001464600_PT0_SX1464_V1___-10x4.jpg 10w\" sizes=\"auto, (max-width: 1464px) 100vw, 1464px\" \/>\t\t\t\t\t\t\t\t\t\t\t\t\t\t\t<\/div>\n\t\t\t\t<\/div>\n\t\t\t\t<div class=\"elementor-element elementor-element-2f3d9e3d elementor-widget elementor-widget-image\" data-id=\"2f3d9e3d\" data-element_type=\"widget\" data-settings=\"{&quot;ekit_we_effect_on&quot;:&quot;none&quot;}\" data-widget_type=\"image.default\">\n\t\t\t\t<div class=\"elementor-widget-container\">\n\t\t\t\t\t\t\t\t\t\t\t\t\t\t\t<img loading=\"lazy\" decoding=\"async\" width=\"1464\" height=\"600\" src=\"https:\/\/distinctname.shop\/wp-content\/uploads\/2026\/03\/f3bd717f-24d5-4efa-aad6-6e2d03d9a1b7.__CR001464600_PT0_SX1464_V1___.jpg\" class=\"attachment-full size-full wp-image-14579 wvs-archive-product-image\" alt=\"\" srcset=\"https:\/\/distinctname.shop\/wp-content\/uploads\/2026\/03\/f3bd717f-24d5-4efa-aad6-6e2d03d9a1b7.__CR001464600_PT0_SX1464_V1___.jpg 1464w, https:\/\/distinctname.shop\/wp-content\/uploads\/2026\/03\/f3bd717f-24d5-4efa-aad6-6e2d03d9a1b7.__CR001464600_PT0_SX1464_V1___-300x123.jpg 300w, https:\/\/distinctname.shop\/wp-content\/uploads\/2026\/03\/f3bd717f-24d5-4efa-aad6-6e2d03d9a1b7.__CR001464600_PT0_SX1464_V1___-1024x420.jpg 1024w, https:\/\/distinctname.shop\/wp-content\/uploads\/2026\/03\/f3bd717f-24d5-4efa-aad6-6e2d03d9a1b7.__CR001464600_PT0_SX1464_V1___-768x315.jpg 768w, https:\/\/distinctname.shop\/wp-content\/uploads\/2026\/03\/f3bd717f-24d5-4efa-aad6-6e2d03d9a1b7.__CR001464600_PT0_SX1464_V1___-18x7.jpg 18w, https:\/\/distinctname.shop\/wp-content\/uploads\/2026\/03\/f3bd717f-24d5-4efa-aad6-6e2d03d9a1b7.__CR001464600_PT0_SX1464_V1___-600x246.jpg 600w, https:\/\/distinctname.shop\/wp-content\/uploads\/2026\/03\/f3bd717f-24d5-4efa-aad6-6e2d03d9a1b7.__CR001464600_PT0_SX1464_V1___-1x1.jpg 1w, https:\/\/distinctname.shop\/wp-content\/uploads\/2026\/03\/f3bd717f-24d5-4efa-aad6-6e2d03d9a1b7.__CR001464600_PT0_SX1464_V1___-10x4.jpg 10w\" sizes=\"auto, (max-width: 1464px) 100vw, 1464px\" \/>\t\t\t\t\t\t\t\t\t\t\t\t\t\t\t<\/div>\n\t\t\t\t<\/div>\n\t\t<div class=\"elementor-element elementor-element-8bd9946 e-grid e-con-full e-con e-child\" data-id=\"8bd9946\" data-element_type=\"container\" data-settings=\"{&quot;ekit_has_onepagescroll_dot&quot;:&quot;yes&quot;}\">\n\t\t\t\t<div class=\"elementor-element elementor-element-61b97c26 elementor-widget elementor-widget-image\" data-id=\"61b97c26\" data-element_type=\"widget\" data-settings=\"{&quot;ekit_we_effect_on&quot;:&quot;none&quot;}\" data-widget_type=\"image.default\">\n\t\t\t\t<div class=\"elementor-widget-container\">\n\t\t\t\t\t\t\t\t\t\t\t\t\t\t\t<img loading=\"lazy\" decoding=\"async\" width=\"300\" height=\"225\" src=\"https:\/\/distinctname.shop\/wp-content\/uploads\/2026\/03\/a0a09b7d-7ee7-4a1f-9352-a0a792e22713.__CR00300225_PT0_SX300_V1___.jpg\" class=\"attachment-large size-large wp-image-14580 wvs-archive-product-image\" alt=\"\" srcset=\"https:\/\/distinctname.shop\/wp-content\/uploads\/2026\/03\/a0a09b7d-7ee7-4a1f-9352-a0a792e22713.__CR00300225_PT0_SX300_V1___.jpg 300w, https:\/\/distinctname.shop\/wp-content\/uploads\/2026\/03\/a0a09b7d-7ee7-4a1f-9352-a0a792e22713.__CR00300225_PT0_SX300_V1___-16x12.jpg 16w, https:\/\/distinctname.shop\/wp-content\/uploads\/2026\/03\/a0a09b7d-7ee7-4a1f-9352-a0a792e22713.__CR00300225_PT0_SX300_V1___-1x1.jpg 1w, https:\/\/distinctname.shop\/wp-content\/uploads\/2026\/03\/a0a09b7d-7ee7-4a1f-9352-a0a792e22713.__CR00300225_PT0_SX300_V1___-10x8.jpg 10w\" sizes=\"auto, (max-width: 300px) 100vw, 300px\" \/>\t\t\t\t\t\t\t\t\t\t\t\t\t\t\t<\/div>\n\t\t\t\t<\/div>\n\t\t\t\t<div class=\"elementor-element elementor-element-7a133fcc elementor-widget elementor-widget-image\" data-id=\"7a133fcc\" data-element_type=\"widget\" data-settings=\"{&quot;ekit_we_effect_on&quot;:&quot;none&quot;}\" data-widget_type=\"image.default\">\n\t\t\t\t<div class=\"elementor-widget-container\">\n\t\t\t\t\t\t\t\t\t\t\t\t\t\t\t<img loading=\"lazy\" decoding=\"async\" width=\"300\" height=\"225\" src=\"https:\/\/distinctname.shop\/wp-content\/uploads\/2026\/03\/70ef59de-6de8-40d3-97cb-87a1c9d7bb6f.__CR00300225_PT0_SX300_V1___.jpg\" class=\"attachment-large size-large wp-image-14581 wvs-archive-product-image\" alt=\"\" srcset=\"https:\/\/distinctname.shop\/wp-content\/uploads\/2026\/03\/70ef59de-6de8-40d3-97cb-87a1c9d7bb6f.__CR00300225_PT0_SX300_V1___.jpg 300w, https:\/\/distinctname.shop\/wp-content\/uploads\/2026\/03\/70ef59de-6de8-40d3-97cb-87a1c9d7bb6f.__CR00300225_PT0_SX300_V1___-16x12.jpg 16w, https:\/\/distinctname.shop\/wp-content\/uploads\/2026\/03\/70ef59de-6de8-40d3-97cb-87a1c9d7bb6f.__CR00300225_PT0_SX300_V1___-1x1.jpg 1w, https:\/\/distinctname.shop\/wp-content\/uploads\/2026\/03\/70ef59de-6de8-40d3-97cb-87a1c9d7bb6f.__CR00300225_PT0_SX300_V1___-10x8.jpg 10w\" sizes=\"auto, (max-width: 300px) 100vw, 300px\" \/>\t\t\t\t\t\t\t\t\t\t\t\t\t\t\t<\/div>\n\t\t\t\t<\/div>\n\t\t\t\t<div class=\"elementor-element elementor-element-51a85e73 elementor-widget elementor-widget-image\" data-id=\"51a85e73\" data-element_type=\"widget\" data-settings=\"{&quot;ekit_we_effect_on&quot;:&quot;none&quot;}\" data-widget_type=\"image.default\">\n\t\t\t\t<div class=\"elementor-widget-container\">\n\t\t\t\t\t\t\t\t\t\t\t\t\t\t\t<img loading=\"lazy\" decoding=\"async\" width=\"300\" height=\"225\" src=\"https:\/\/distinctname.shop\/wp-content\/uploads\/2026\/03\/0d36431e-3908-4a24-b791-ae70172dc99c.__CR00300225_PT0_SX300_V1___.jpg\" class=\"attachment-large size-large wp-image-14582 wvs-archive-product-image\" alt=\"\" srcset=\"https:\/\/distinctname.shop\/wp-content\/uploads\/2026\/03\/0d36431e-3908-4a24-b791-ae70172dc99c.__CR00300225_PT0_SX300_V1___.jpg 300w, https:\/\/distinctname.shop\/wp-content\/uploads\/2026\/03\/0d36431e-3908-4a24-b791-ae70172dc99c.__CR00300225_PT0_SX300_V1___-16x12.jpg 16w, https:\/\/distinctname.shop\/wp-content\/uploads\/2026\/03\/0d36431e-3908-4a24-b791-ae70172dc99c.__CR00300225_PT0_SX300_V1___-1x1.jpg 1w, https:\/\/distinctname.shop\/wp-content\/uploads\/2026\/03\/0d36431e-3908-4a24-b791-ae70172dc99c.__CR00300225_PT0_SX300_V1___-10x8.jpg 10w\" sizes=\"auto, (max-width: 300px) 100vw, 300px\" \/>\t\t\t\t\t\t\t\t\t\t\t\t\t\t\t<\/div>\n\t\t\t\t<\/div>\n\t\t\t\t<div class=\"elementor-element elementor-element-46cc0fca elementor-widget elementor-widget-image\" data-id=\"46cc0fca\" data-element_type=\"widget\" data-settings=\"{&quot;ekit_we_effect_on&quot;:&quot;none&quot;}\" data-widget_type=\"image.default\">\n\t\t\t\t<div class=\"elementor-widget-container\">\n\t\t\t\t\t\t\t\t\t\t\t\t\t\t\t<img loading=\"lazy\" decoding=\"async\" width=\"300\" height=\"225\" src=\"https:\/\/distinctname.shop\/wp-content\/uploads\/2026\/03\/817b53c2-ba45-49f8-9644-d7fbb38ba0a1.__CR00300225_PT0_SX300_V1___.jpg\" class=\"attachment-large size-large wp-image-14583 wvs-archive-product-image\" alt=\"\" srcset=\"https:\/\/distinctname.shop\/wp-content\/uploads\/2026\/03\/817b53c2-ba45-49f8-9644-d7fbb38ba0a1.__CR00300225_PT0_SX300_V1___.jpg 300w, https:\/\/distinctname.shop\/wp-content\/uploads\/2026\/03\/817b53c2-ba45-49f8-9644-d7fbb38ba0a1.__CR00300225_PT0_SX300_V1___-16x12.jpg 16w, https:\/\/distinctname.shop\/wp-content\/uploads\/2026\/03\/817b53c2-ba45-49f8-9644-d7fbb38ba0a1.__CR00300225_PT0_SX300_V1___-1x1.jpg 1w, https:\/\/distinctname.shop\/wp-content\/uploads\/2026\/03\/817b53c2-ba45-49f8-9644-d7fbb38ba0a1.__CR00300225_PT0_SX300_V1___-10x8.jpg 10w\" sizes=\"auto, (max-width: 300px) 100vw, 300px\" \/>\t\t\t\t\t\t\t\t\t\t\t\t\t\t\t<\/div>\n\t\t\t\t<\/div>\n\t\t\t\t<div class=\"elementor-element elementor-element-19c353f3 elementor-widget elementor-widget-text-editor\" data-id=\"19c353f3\" data-element_type=\"widget\" data-settings=\"{&quot;ekit_we_effect_on&quot;:&quot;none&quot;}\" data-widget_type=\"text-editor.default\">\n\t\t\t\t<div class=\"elementor-widget-container\">\n\t\t\t\t\t\t\t\t\t<p>Baliza V16- M\u00e1xima Eficacia<br \/>\u25cf Visibilidad:1.000 metros<br \/>\u25cf lluminaci\u00f3n omnidireccional (360\u00b0)<\/p>\t\t\t\t\t\t\t\t<\/div>\n\t\t\t\t<\/div>\n\t\t\t\t<div class=\"elementor-element elementor-element-2775a33d elementor-widget elementor-widget-text-editor\" data-id=\"2775a33d\" data-element_type=\"widget\" data-settings=\"{&quot;ekit_we_effect_on&quot;:&quot;none&quot;}\" data-widget_type=\"text-editor.default\">\n\t\t\t\t<div class=\"elementor-widget-container\">\n\t\t\t\t\t\t\t\t\t<p>tri\u00e1ngulos<br \/>Anf\u00e4llig f\u00fcr meteorologische Bedingungen<br \/>(viento\/lluvia)<br \/>Ben\u00f6tigt einen Platz in einer riesigen Tasche f\u00fcr<br \/>el usuario<\/p>\t\t\t\t\t\t\t\t<\/div>\n\t\t\t\t<\/div>\n\t\t\t\t<div class=\"elementor-element elementor-element-410bcb76 elementor-widget elementor-widget-text-editor\" data-id=\"410bcb76\" data-element_type=\"widget\" data-settings=\"{&quot;ekit_we_effect_on&quot;:&quot;none&quot;}\" data-widget_type=\"text-editor.default\">\n\t\t\t\t<div class=\"elementor-widget-container\">\n\t\t\t\t\t\t\t\t\t<p>Baliza V16: SEGURA<br \/>Fijaci\u00f3n magn\u00e9tica instantanea Activaci\u00f3n<br \/>mediante pulsador \u00fanico<\/p>\t\t\t\t\t\t\t\t<\/div>\n\t\t\t\t<\/div>\n\t\t\t\t<div class=\"elementor-element elementor-element-5835d780 elementor-widget elementor-widget-text-editor\" data-id=\"5835d780\" data-element_type=\"widget\" data-settings=\"{&quot;ekit_we_effect_on&quot;:&quot;none&quot;}\" data-widget_type=\"text-editor.default\">\n\t\t\t\t<div class=\"elementor-widget-container\">\n\t\t\t\t\t\t\t\t\t<p>DIFICULTADES DE<br \/>IMPLEMENTACION<br \/>Obliga a abandonar el vehiculo en calzada<br \/>Exposition gegen\u00fcber der Luftverschmutzung w\u00e4hrend des Aufenthaltes<\/p>\t\t\t\t\t\t\t\t<\/div>\n\t\t\t\t<\/div>\n\t\t\t\t<\/div>\n\t\t\t\t\t<\/div>\n\t\t\t\t<\/div>\n\t\t<div class=\"elementor-element elementor-element-397ef937 e-flex e-con-boxed e-con e-parent\" data-id=\"397ef937\" data-element_type=\"container\" data-settings=\"{&quot;ekit_has_onepagescroll_dot&quot;:&quot;yes&quot;}\">\n\t\t\t\t\t<div class=\"e-con-inner\">\n\t\t\t\t<div class=\"elementor-element elementor-element-1575f513 elementor-widget elementor-widget-image\" data-id=\"1575f513\" data-element_type=\"widget\" data-settings=\"{&quot;ekit_we_effect_on&quot;:&quot;none&quot;}\" data-widget_type=\"image.default\">\n\t\t\t\t<div class=\"elementor-widget-container\">\n\t\t\t\t\t\t\t\t\t\t\t\t\t\t\t<img loading=\"lazy\" decoding=\"async\" width=\"1464\" height=\"600\" src=\"https:\/\/distinctname.shop\/wp-content\/uploads\/2026\/03\/32f35afd-e841-4c4d-8ccd-dbcc00edeba2.__CR001464600_PT0_SX1464_V1___.jpg\" class=\"attachment-full size-full wp-image-14584 wvs-archive-product-image\" alt=\"\" srcset=\"https:\/\/distinctname.shop\/wp-content\/uploads\/2026\/03\/32f35afd-e841-4c4d-8ccd-dbcc00edeba2.__CR001464600_PT0_SX1464_V1___.jpg 1464w, https:\/\/distinctname.shop\/wp-content\/uploads\/2026\/03\/32f35afd-e841-4c4d-8ccd-dbcc00edeba2.__CR001464600_PT0_SX1464_V1___-300x123.jpg 300w, https:\/\/distinctname.shop\/wp-content\/uploads\/2026\/03\/32f35afd-e841-4c4d-8ccd-dbcc00edeba2.__CR001464600_PT0_SX1464_V1___-1024x420.jpg 1024w, https:\/\/distinctname.shop\/wp-content\/uploads\/2026\/03\/32f35afd-e841-4c4d-8ccd-dbcc00edeba2.__CR001464600_PT0_SX1464_V1___-768x315.jpg 768w, https:\/\/distinctname.shop\/wp-content\/uploads\/2026\/03\/32f35afd-e841-4c4d-8ccd-dbcc00edeba2.__CR001464600_PT0_SX1464_V1___-18x7.jpg 18w, https:\/\/distinctname.shop\/wp-content\/uploads\/2026\/03\/32f35afd-e841-4c4d-8ccd-dbcc00edeba2.__CR001464600_PT0_SX1464_V1___-600x246.jpg 600w, https:\/\/distinctname.shop\/wp-content\/uploads\/2026\/03\/32f35afd-e841-4c4d-8ccd-dbcc00edeba2.__CR001464600_PT0_SX1464_V1___-1x1.jpg 1w, https:\/\/distinctname.shop\/wp-content\/uploads\/2026\/03\/32f35afd-e841-4c4d-8ccd-dbcc00edeba2.__CR001464600_PT0_SX1464_V1___-10x4.jpg 10w\" sizes=\"auto, (max-width: 1464px) 100vw, 1464px\" \/>\t\t\t\t\t\t\t\t\t\t\t\t\t\t\t<\/div>\n\t\t\t\t<\/div>\n\t\t\t\t<div class=\"elementor-element elementor-element-54661ab0 elementor-widget elementor-widget-image\" data-id=\"54661ab0\" data-element_type=\"widget\" data-settings=\"{&quot;ekit_we_effect_on&quot;:&quot;none&quot;}\" data-widget_type=\"image.default\">\n\t\t\t\t<div class=\"elementor-widget-container\">\n\t\t\t\t\t\t\t\t\t\t\t\t\t\t\t<img loading=\"lazy\" decoding=\"async\" width=\"1464\" height=\"600\" src=\"https:\/\/distinctname.shop\/wp-content\/uploads\/2026\/03\/a5bf92b8-374c-4d0c-aeef-53bf3103629b.__CR001464600_PT0_SX1464_V1___.jpg\" class=\"attachment-full size-full wp-image-14585 wvs-archive-product-image\" alt=\"\" srcset=\"https:\/\/distinctname.shop\/wp-content\/uploads\/2026\/03\/a5bf92b8-374c-4d0c-aeef-53bf3103629b.__CR001464600_PT0_SX1464_V1___.jpg 1464w, https:\/\/distinctname.shop\/wp-content\/uploads\/2026\/03\/a5bf92b8-374c-4d0c-aeef-53bf3103629b.__CR001464600_PT0_SX1464_V1___-300x123.jpg 300w, https:\/\/distinctname.shop\/wp-content\/uploads\/2026\/03\/a5bf92b8-374c-4d0c-aeef-53bf3103629b.__CR001464600_PT0_SX1464_V1___-1024x420.jpg 1024w, https:\/\/distinctname.shop\/wp-content\/uploads\/2026\/03\/a5bf92b8-374c-4d0c-aeef-53bf3103629b.__CR001464600_PT0_SX1464_V1___-768x315.jpg 768w, https:\/\/distinctname.shop\/wp-content\/uploads\/2026\/03\/a5bf92b8-374c-4d0c-aeef-53bf3103629b.__CR001464600_PT0_SX1464_V1___-18x7.jpg 18w, https:\/\/distinctname.shop\/wp-content\/uploads\/2026\/03\/a5bf92b8-374c-4d0c-aeef-53bf3103629b.__CR001464600_PT0_SX1464_V1___-600x246.jpg 600w, https:\/\/distinctname.shop\/wp-content\/uploads\/2026\/03\/a5bf92b8-374c-4d0c-aeef-53bf3103629b.__CR001464600_PT0_SX1464_V1___-1x1.jpg 1w, https:\/\/distinctname.shop\/wp-content\/uploads\/2026\/03\/a5bf92b8-374c-4d0c-aeef-53bf3103629b.__CR001464600_PT0_SX1464_V1___-10x4.jpg 10w\" sizes=\"auto, (max-width: 1464px) 100vw, 1464px\" \/>\t\t\t\t\t\t\t\t\t\t\t\t\t\t\t<\/div>\n\t\t\t\t<\/div>\n\t\t\t\t\t<\/div>\n\t\t\t\t<\/div>\n\t\t\t\t<\/div>","protected":false},"excerpt":{"rendered":"<p>https:\/\/distinctname.shop\/wp-content\/uploads\/2026\/03\/575fa4b8-eb92-4d39-bbc2-702266dbcbe1.mp4 Technical Details Manufacturer EXTRASTAR Brand EXTRASTAR Item Weight 200 g Package Dimensions 8.6 x 8.3 x 6.7 cm; 200&#8230;<\/p>","protected":false},"featured_media":14565,"comment_status":"open","ping_status":"closed","template":"","meta":{"_acf_changed":false},"etheme_brands":[],"product_brand":[],"product_cat":[128],"product_tag":[],"class_list":{"0":"post-14560","1":"product","2":"type-product","3":"status-publish","4":"has-post-thumbnail","6":"product_cat-chen","8":"first","9":"instock","10":"sale","11":"shipping-taxable","12":"purchasable","13":"product-type-variable","14":"wvs-archive-product-wrapper"},"acf":[],"_links":{"self":[{"href":"https:\/\/distinctname.shop\/de\/wp-json\/wp\/v2\/product\/14560","targetHints":{"allow":["GET"]}}],"collection":[{"href":"https:\/\/distinctname.shop\/de\/wp-json\/wp\/v2\/product"}],"about":[{"href":"https:\/\/distinctname.shop\/de\/wp-json\/wp\/v2\/types\/product"}],"replies":[{"embeddable":true,"href":"https:\/\/distinctname.shop\/de\/wp-json\/wp\/v2\/comments?post=14560"}],"version-history":[{"count":4,"href":"https:\/\/distinctname.shop\/de\/wp-json\/wp\/v2\/product\/14560\/revisions"}],"predecessor-version":[{"id":14593,"href":"https:\/\/distinctname.shop\/de\/wp-json\/wp\/v2\/product\/14560\/revisions\/14593"}],"wp:featuredmedia":[{"embeddable":true,"href":"https:\/\/distinctname.shop\/de\/wp-json\/wp\/v2\/media\/14565"}],"wp:attachment":[{"href":"https:\/\/distinctname.shop\/de\/wp-json\/wp\/v2\/media?parent=14560"}],"wp:term":[{"taxonomy":"brand","embeddable":true,"href":"https:\/\/distinctname.shop\/de\/wp-json\/wp\/v2\/etheme_brands?post=14560"},{"taxonomy":"product_brand","embeddable":true,"href":"https:\/\/distinctname.shop\/de\/wp-json\/wp\/v2\/product_brand?post=14560"},{"taxonomy":"product_cat","embeddable":true,"href":"https:\/\/distinctname.shop\/de\/wp-json\/wp\/v2\/product_cat?post=14560"},{"taxonomy":"product_tag","embeddable":true,"href":"https:\/\/distinctname.shop\/de\/wp-json\/wp\/v2\/product_tag?post=14560"}],"curies":[{"name":"wp","href":"https:\/\/api.w.org\/{rel}","templated":true}]}}